{"id":547,"date":"2024-07-11T02:07:17","date_gmt":"2024-07-11T05:07:17","guid":{"rendered":"https:\/\/zeviplast.com.br\/beta\/?page_id=547"},"modified":"2024-08-31T11:55:40","modified_gmt":"2024-08-31T14:55:40","slug":"portifolio","status":"publish","type":"page","link":"https:\/\/zeviplast.com.br\/beta\/portifolio\/","title":{"rendered":"Portif\u00f3lio"},"content":{"rendered":"\t\t<div data-elementor-type=\"wp-page\" data-elementor-id=\"547\" class=\"elementor elementor-547\" data-elementor-post-type=\"page\">\n\t\t\t\t\t\t<section class=\"elementor-section elementor-top-section elementor-element elementor-element-28ac3143 elementor-section-boxed elementor-section-height-default elementor-section-height-default sc_fly_static\" data-id=\"28ac3143\" data-element_type=\"section\" data-settings=\"{&quot;background_background&quot;:&quot;classic&quot;}\">\n\t\t\t\t\t\t\t<div class=\"elementor-background-overlay\"><\/div>\n\t\t\t\t\t\t\t<div class=\"elementor-container elementor-column-gap-extended\">\n\t\t\t\t\t<div class=\"elementor-column elementor-col-100 elementor-top-column elementor-element elementor-element-67b6576c sc_inner_width_none sc_content_align_inherit sc_layouts_column_icons_position_left sc_fly_static\" data-id=\"67b6576c\" data-element_type=\"column\">\n\t\t\t<div class=\"elementor-widget-wrap elementor-element-populated\">\n\t\t\t\t\t\t<div class=\"elementor-element elementor-element-0e40f46 sc_fly_static elementor-widget elementor-widget-heading\" data-id=\"0e40f46\" data-element_type=\"widget\" data-widget_type=\"heading.default\">\n\t\t\t\t<div class=\"elementor-widget-container\">\n\t\t\t<h2 class=\"elementor-heading-title elementor-size-default\">Portf\u00f3lio<\/h2>\t\t<\/div>\n\t\t\t\t<\/div>\n\t\t\t\t\t<\/div>\n\t\t<\/div>\n\t\t\t\t\t<\/div>\n\t\t<\/section>\n\t\t\t\t<section class=\"elementor-section elementor-top-section elementor-element elementor-element-c2aa1f0 elementor-section-boxed elementor-section-height-default elementor-section-height-default sc_fly_static\" data-id=\"c2aa1f0\" data-element_type=\"section\">\n\t\t\t\t\t\t<div class=\"elementor-container elementor-column-gap-extended\">\n\t\t\t\t\t<div class=\"elementor-column elementor-col-100 elementor-top-column elementor-element elementor-element-1818244c sc_inner_width_none sc_content_align_inherit sc_layouts_column_icons_position_left sc_fly_static\" data-id=\"1818244c\" data-element_type=\"column\">\n\t\t\t<div class=\"elementor-widget-wrap elementor-element-populated\">\n\t\t\t\t\t\t<section class=\"elementor-section elementor-inner-section elementor-element elementor-element-83359ca elementor-section-boxed elementor-section-height-default elementor-section-height-default sc_fly_static\" data-id=\"83359ca\" data-element_type=\"section\">\n\t\t\t\t\t\t<div class=\"elementor-container elementor-column-gap-extended\">\n\t\t\t\t\t<div class=\"elementor-column elementor-col-50 elementor-inner-column elementor-element elementor-element-dc53302 sc_inner_width_none sc_content_align_inherit sc_layouts_column_icons_position_left sc_fly_static\" data-id=\"dc53302\" data-element_type=\"column\">\n\t\t\t<div class=\"elementor-widget-wrap elementor-element-populated\">\n\t\t\t\t\t\t<div class=\"elementor-element elementor-element-55a80cf5 animation_type_block sc_fly_static elementor-invisible elementor-widget elementor-widget-premium-addon-banner\" data-id=\"55a80cf5\" data-element_type=\"widget\" data-settings=\"{&quot;_animation&quot;:&quot;fadeInUp&quot;,&quot;_animation_delay&quot;:200}\" data-widget_type=\"premium-addon-banner.default\">\n\t\t\t\t<div class=\"elementor-widget-container\">\n\t\t\t\t\t<div class=\"premium-banner-ib premium-banner-min-height premium-banner-animation11 none\">\n\t\t\t\t\t\t\t\t\t\t<img decoding=\"async\" src=\"https:\/\/zeviplast.com.br\/beta\/wp-content\/uploads\/elementor\/thumbs\/1-qrb7f9t7e82rvisz585cw6b3js9ortyxsdmtqebsg4.jpg\" title=\"1\" alt=\"1\" loading=\"lazy\" \/>\t\t\t\t\t\t\t\t\t\t<div class=\"premium-banner-gradient\"><\/div>\n\t\t\t\t\t\t<div class=\"premium-banner-ib-desc\">\n\t\t\t\t\t\t\t\t\t<h3 class=\"premium-banner-ib-title premium_banner_title\">Linha de Esmaltes <\/h3>\t\t\t\t\t\t<div class=\"premium-banner-ib-content premium_banner_content\">\n\t\t\t\t\t\t\t<p>Conhe\u00e7a nossa linha de Esmaltes<\/p>\t\t\t\t\t\t<\/div>\n\t\t\t\t\t\t\t\t\t\t\t\t\t\t\t\t\t<\/div>\n\t\t\t\t\t\t\t<a href=\"https:\/\/zeviplast.com.br\/beta\/linha-esmaltes\/\" class=\"premium-banner-ib-link\"><\/a>\n\t\t\t\t\t<\/div>\n\t\t\t\t\t\t<\/div>\n\t\t\t\t<\/div>\n\t\t\t\t<div class=\"elementor-element elementor-element-5133d085 animation_type_block sc_fly_static elementor-invisible elementor-widget elementor-widget-premium-addon-banner\" data-id=\"5133d085\" data-element_type=\"widget\" data-settings=\"{&quot;_animation&quot;:&quot;fadeInUp&quot;,&quot;_animation_delay&quot;:500}\" data-widget_type=\"premium-addon-banner.default\">\n\t\t\t\t<div class=\"elementor-widget-container\">\n\t\t\t\t\t<div class=\"premium-banner-ib premium-banner-min-height premium-banner-animation11 none\">\n\t\t\t\t\t\t\t\t\t\t<img fetchpriority=\"high\" decoding=\"async\" width=\"800\" height=\"890\" src=\"https:\/\/zeviplast.com.br\/beta\/wp-content\/uploads\/2024\/07\/5.jpg\" class=\"attachment-full size-full wp-image-573\" alt=\"\" srcset=\"https:\/\/zeviplast.com.br\/beta\/wp-content\/uploads\/2024\/07\/5.jpg 800w, https:\/\/zeviplast.com.br\/beta\/wp-content\/uploads\/2024\/07\/5-270x300.jpg 270w, https:\/\/zeviplast.com.br\/beta\/wp-content\/uploads\/2024\/07\/5-768x854.jpg 768w, https:\/\/zeviplast.com.br\/beta\/wp-content\/uploads\/2024\/07\/5-370x412.jpg 370w, https:\/\/zeviplast.com.br\/beta\/wp-content\/uploads\/2024\/07\/5-410x456.jpg 410w\" sizes=\"(max-width: 800px) 100vw, 800px\" \/>\t\t\t\t\t\t\t\t\t\t<div class=\"premium-banner-gradient\"><\/div>\n\t\t\t\t\t\t<div class=\"premium-banner-ib-desc\">\n\t\t\t\t\t\t\t\t\t<h3 class=\"premium-banner-ib-title premium_banner_title\">Linha Potes<\/h3>\t\t\t\t\t\t<div class=\"premium-banner-ib-content premium_banner_content\">\n\t\t\t\t\t\t\t<p>Conhe\u00e7a nossa linha de Potes<\/p>\t\t\t\t\t\t<\/div>\n\t\t\t\t\t\t\t\t\t\t\t\t\t\t\t\t\t<\/div>\n\t\t\t\t\t\t\t<a href=\"https:\/\/zeviplast.com.br\/beta\/linha-potes\/\" class=\"premium-banner-ib-link\"><\/a>\n\t\t\t\t\t<\/div>\n\t\t\t\t\t\t<\/div>\n\t\t\t\t<\/div>\n\t\t\t\t<div class=\"elementor-element elementor-element-bb00169 animation_type_block sc_fly_static elementor-invisible elementor-widget elementor-widget-premium-addon-banner\" data-id=\"bb00169\" data-element_type=\"widget\" data-settings=\"{&quot;_animation&quot;:&quot;fadeInUp&quot;,&quot;_animation_delay&quot;:300}\" data-widget_type=\"premium-addon-banner.default\">\n\t\t\t\t<div class=\"elementor-widget-container\">\n\t\t\t\t\t<div class=\"premium-banner-ib premium-banner-min-height premium-banner-animation11 none\">\n\t\t\t\t\t\t\t\t\t\t<img decoding=\"async\" src=\"https:\/\/zeviplast.com.br\/beta\/wp-content\/uploads\/elementor\/thumbs\/Design-sem-nome-21-qrhubmq1e39v0o0iinv2lsnfiuov8j2b13bxejk7sg.jpg\" title=\"Design sem nome (21)\" alt=\"Design sem nome (21)\" loading=\"lazy\" \/>\t\t\t\t\t\t\t\t\t\t<div class=\"premium-banner-gradient\"><\/div>\n\t\t\t\t\t\t<div class=\"premium-banner-ib-desc\">\n\t\t\t\t\t\t\t\t\t<h3 class=\"premium-banner-ib-title premium_banner_title\">Linha Frasnagas<\/h3>\t\t\t\t\t\t<div class=\"premium-banner-ib-content premium_banner_content\">\n\t\t\t\t\t\t\t<p>Conhe\u00e7a nossa Linha de Frasnagas<\/p>\t\t\t\t\t\t<\/div>\n\t\t\t\t\t\t\t\t\t\t\t\t\t\t\t\t<div class=\"premium-banner-read-more\">\n\t\t\t\t\t\t\t<a href=\"#\" class=\"premium-banner-link premium-button-none \" data-text=\"Conhe\u00e7a agora \">\n\t\t\t\t\t\t\t\t<div class=\"premium-button-text-icon-wrapper\">\n\t\t\t\t\t\t\t\t\t<span>Conhe\u00e7a agora <\/span>\n\t\t\t\t\t\t\t\t<\/div>\n\n\t\t\t\t\t\t\t\t\n\t\t\t\t\t\t\t\t\n\t\t\t\t\t\t\t<\/a>\n\t\t\t\t\t\t<\/div>\n\t\t\t\t\t\t\t\t\t\t\t\t<\/div>\n\t\t\t\t\t<\/div>\n\t\t\t\t\t\t<\/div>\n\t\t\t\t<\/div>\n\t\t\t\t<div class=\"elementor-element elementor-element-6c1ada77 animation_type_block sc_fly_static elementor-invisible elementor-widget elementor-widget-premium-addon-banner\" data-id=\"6c1ada77\" data-element_type=\"widget\" data-settings=\"{&quot;_animation&quot;:&quot;fadeInUp&quot;,&quot;_animation_delay&quot;:500}\" data-widget_type=\"premium-addon-banner.default\">\n\t\t\t\t<div class=\"elementor-widget-container\">\n\t\t\t\t\t<div class=\"premium-banner-ib premium-banner-min-height premium-banner-animation11 none\">\n\t\t\t\t\t\t\t\t\t\t<img decoding=\"async\" width=\"580\" height=\"665\" src=\"https:\/\/zeviplast.com.br\/beta\/wp-content\/uploads\/2024\/08\/acetonas.jpg\" class=\"attachment-full size-full wp-image-1581\" alt=\"\" srcset=\"https:\/\/zeviplast.com.br\/beta\/wp-content\/uploads\/2024\/08\/acetonas.jpg 580w, https:\/\/zeviplast.com.br\/beta\/wp-content\/uploads\/2024\/08\/acetonas-262x300.jpg 262w, https:\/\/zeviplast.com.br\/beta\/wp-content\/uploads\/2024\/08\/acetonas-370x424.jpg 370w, https:\/\/zeviplast.com.br\/beta\/wp-content\/uploads\/2024\/08\/acetonas-410x470.jpg 410w\" sizes=\"(max-width: 600px) 100vw, 580px\" \/>\t\t\t\t\t\t\t\t\t\t<div class=\"premium-banner-gradient\"><\/div>\n\t\t\t\t\t\t<div class=\"premium-banner-ib-desc\">\n\t\t\t\t\t\t\t\t\t<h3 class=\"premium-banner-ib-title premium_banner_title\">Linha Acetonas <\/h3>\t\t\t\t\t\t<div class=\"premium-banner-ib-content premium_banner_content\">\n\t\t\t\t\t\t\t<p>Conhe\u00e7a nossa Linha Acetonas\u00a0<\/p>\t\t\t\t\t\t<\/div>\n\t\t\t\t\t\t\t\t\t\t\t\t\t\t\t\t\t<\/div>\n\t\t\t\t\t\t\t<a href=\"https:\/\/zeviplast.com.br\/beta\/linha-acetonas\/\" class=\"premium-banner-ib-link\"><\/a>\n\t\t\t\t\t<\/div>\n\t\t\t\t\t\t<\/div>\n\t\t\t\t<\/div>\n\t\t\t\t<div class=\"elementor-element elementor-element-dc3b015 animation_type_block sc_fly_static elementor-invisible elementor-widget elementor-widget-premium-addon-banner\" data-id=\"dc3b015\" data-element_type=\"widget\" data-settings=\"{&quot;_animation&quot;:&quot;fadeInUp&quot;,&quot;_animation_delay&quot;:500}\" data-widget_type=\"premium-addon-banner.default\">\n\t\t\t\t<div class=\"elementor-widget-container\">\n\t\t\t\t\t<div class=\"premium-banner-ib premium-banner-min-height premium-banner-animation11 none\">\n\t\t\t\t\t\t\t\t\t\t<img decoding=\"async\" width=\"580\" height=\"665\" src=\"https:\/\/zeviplast.com.br\/beta\/wp-content\/uploads\/2024\/08\/limpeza.jpg\" class=\"attachment-full size-full wp-image-1615\" alt=\"\" srcset=\"https:\/\/zeviplast.com.br\/beta\/wp-content\/uploads\/2024\/08\/limpeza.jpg 580w, https:\/\/zeviplast.com.br\/beta\/wp-content\/uploads\/2024\/08\/limpeza-262x300.jpg 262w, https:\/\/zeviplast.com.br\/beta\/wp-content\/uploads\/2024\/08\/limpeza-370x424.jpg 370w, https:\/\/zeviplast.com.br\/beta\/wp-content\/uploads\/2024\/08\/limpeza-410x470.jpg 410w\" sizes=\"(max-width: 600px) 100vw, 580px\" \/>\t\t\t\t\t\t\t\t\t\t<div class=\"premium-banner-gradient\"><\/div>\n\t\t\t\t\t\t<div class=\"premium-banner-ib-desc\">\n\t\t\t\t\t\t\t\t\t<h3 class=\"premium-banner-ib-title premium_banner_title\">Linha Limpeza<\/h3>\t\t\t\t\t\t<div class=\"premium-banner-ib-content premium_banner_content\">\n\t\t\t\t\t\t\t<p>Conhe\u00e7a nossa Linha Limpeza<\/p>\t\t\t\t\t\t<\/div>\n\t\t\t\t\t\t\t\t\t\t\t\t\t\t\t\t\t<\/div>\n\t\t\t\t\t\t\t<a href=\"https:\/\/zeviplast.com.br\/beta\/linha-limpeza\/\" class=\"premium-banner-ib-link\"><\/a>\n\t\t\t\t\t<\/div>\n\t\t\t\t\t\t<\/div>\n\t\t\t\t<\/div>\n\t\t\t\t<div class=\"elementor-element elementor-element-eb2e399 animation_type_block sc_fly_static elementor-invisible elementor-widget elementor-widget-premium-addon-banner\" data-id=\"eb2e399\" data-element_type=\"widget\" data-settings=\"{&quot;_animation&quot;:&quot;fadeInUp&quot;,&quot;_animation_delay&quot;:500,&quot;sticky&quot;:&quot;top&quot;,&quot;sticky_parent&quot;:&quot;yes&quot;,&quot;sticky_on&quot;:[&quot;desktop&quot;,&quot;tablet&quot;,&quot;mobile&quot;],&quot;sticky_offset&quot;:0,&quot;sticky_effects_offset&quot;:0}\" data-widget_type=\"premium-addon-banner.default\">\n\t\t\t\t<div class=\"elementor-widget-container\">\n\t\t\t\t\t<div class=\"premium-banner-ib premium-banner-min-height premium-banner-animation11 none\">\n\t\t\t\t\t\t\t\t\t\t<img loading=\"lazy\" decoding=\"async\" width=\"800\" height=\"890\" src=\"https:\/\/zeviplast.com.br\/beta\/wp-content\/uploads\/2024\/07\/10.jpg\" class=\"attachment-full size-full wp-image-627\" alt=\"\" srcset=\"https:\/\/zeviplast.com.br\/beta\/wp-content\/uploads\/2024\/07\/10.jpg 800w, https:\/\/zeviplast.com.br\/beta\/wp-content\/uploads\/2024\/07\/10-270x300.jpg 270w, https:\/\/zeviplast.com.br\/beta\/wp-content\/uploads\/2024\/07\/10-768x854.jpg 768w, https:\/\/zeviplast.com.br\/beta\/wp-content\/uploads\/2024\/07\/10-370x412.jpg 370w, https:\/\/zeviplast.com.br\/beta\/wp-content\/uploads\/2024\/07\/10-410x456.jpg 410w\" sizes=\"(max-width: 800px) 100vw, 800px\" \/>\t\t\t\t\t\t\t\t\t\t<div class=\"premium-banner-gradient\"><\/div>\n\t\t\t\t\t\t<div class=\"premium-banner-ib-desc\">\n\t\t\t\t\t\t\t\t\t<h3 class=\"premium-banner-ib-title premium_banner_title\">Linha Infantil<\/h3>\t\t\t\t\t\t<div class=\"premium-banner-ib-content premium_banner_content\">\n\t\t\t\t\t\t\t<p>Conhe\u00e7a nossa Linha Infantil<\/p>\t\t\t\t\t\t<\/div>\n\t\t\t\t\t\t\t\t\t\t\t\t\t\t\t\t\t<\/div>\n\t\t\t\t\t\t\t<a href=\"https:\/\/zeviplast.com.br\/beta\/linha-de-infantil\/\" class=\"premium-banner-ib-link\"><\/a>\n\t\t\t\t\t<\/div>\n\t\t\t\t\t\t<\/div>\n\t\t\t\t<\/div>\n\t\t\t\t\t<\/div>\n\t\t<\/div>\n\t\t\t\t<div class=\"elementor-column elementor-col-50 elementor-inner-column elementor-element elementor-element-50303158 sc_inner_width_none sc_content_align_inherit sc_layouts_column_icons_position_left sc_fly_static\" data-id=\"50303158\" data-element_type=\"column\">\n\t\t\t<div class=\"elementor-widget-wrap elementor-element-populated\">\n\t\t\t\t\t\t<div class=\"elementor-element elementor-element-453b19f7 animation_type_block sc_fly_static elementor-invisible elementor-widget elementor-widget-premium-addon-banner\" data-id=\"453b19f7\" data-element_type=\"widget\" data-settings=\"{&quot;_animation&quot;:&quot;fadeInUp&quot;,&quot;_animation_delay&quot;:300}\" data-widget_type=\"premium-addon-banner.default\">\n\t\t\t\t<div class=\"elementor-widget-container\">\n\t\t\t\t\t<div class=\"premium-banner-ib premium-banner-min-height premium-banner-animation11 none\">\n\t\t\t\t\t\t\t\t\t\t<img decoding=\"async\" src=\"https:\/\/zeviplast.com.br\/beta\/wp-content\/uploads\/elementor\/thumbs\/2-qrb7fbovrw34q13ixk40rg2z8k2189gsc1i8seslu0.jpg\" title=\"2\" alt=\"2\" loading=\"lazy\" \/>\t\t\t\t\t\t\t\t\t\t<div class=\"premium-banner-gradient\"><\/div>\n\t\t\t\t\t\t<div class=\"premium-banner-ib-desc\">\n\t\t\t\t\t\t\t\t\t<h3 class=\"premium-banner-ib-title premium_banner_title\">Linha de Maquiagem<\/h3>\t\t\t\t\t\t<div class=\"premium-banner-ib-content premium_banner_content\">\n\t\t\t\t\t\t\t<p>Conhe\u00e7a nossa linha de Maquiagem<\/p>\t\t\t\t\t\t<\/div>\n\t\t\t\t\t\t\t\t\t\t\t\t\t\t\t\t\t<\/div>\n\t\t\t\t\t\t\t<a href=\"https:\/\/zeviplast.com.br\/beta\/linha-de-maquiagem\/\" class=\"premium-banner-ib-link\"><\/a>\n\t\t\t\t\t<\/div>\n\t\t\t\t\t\t<\/div>\n\t\t\t\t<\/div>\n\t\t\t\t<div class=\"elementor-element elementor-element-9d8b525 animation_type_block sc_fly_static elementor-invisible elementor-widget elementor-widget-premium-addon-banner\" data-id=\"9d8b525\" data-element_type=\"widget\" data-settings=\"{&quot;_animation&quot;:&quot;fadeInUp&quot;,&quot;_animation_delay&quot;:400}\" data-widget_type=\"premium-addon-banner.default\">\n\t\t\t\t<div class=\"elementor-widget-container\">\n\t\t\t\t\t<div class=\"premium-banner-ib premium-banner-min-height premium-banner-animation11 none\">\n\t\t\t\t\t\t\t\t\t\t<img loading=\"lazy\" decoding=\"async\" width=\"800\" height=\"890\" src=\"https:\/\/zeviplast.com.br\/beta\/wp-content\/uploads\/2024\/07\/3.jpg\" class=\"attachment-full size-full wp-image-578\" alt=\"\" srcset=\"https:\/\/zeviplast.com.br\/beta\/wp-content\/uploads\/2024\/07\/3.jpg 800w, https:\/\/zeviplast.com.br\/beta\/wp-content\/uploads\/2024\/07\/3-270x300.jpg 270w, https:\/\/zeviplast.com.br\/beta\/wp-content\/uploads\/2024\/07\/3-768x854.jpg 768w, https:\/\/zeviplast.com.br\/beta\/wp-content\/uploads\/2024\/07\/3-370x412.jpg 370w, https:\/\/zeviplast.com.br\/beta\/wp-content\/uploads\/2024\/07\/3-410x456.jpg 410w\" sizes=\"(max-width: 800px) 100vw, 800px\" \/>\t\t\t\t\t\t\t\t\t\t<div class=\"premium-banner-gradient\"><\/div>\n\t\t\t\t\t\t<div class=\"premium-banner-ib-desc\">\n\t\t\t\t\t\t\t\t\t<h3 class=\"premium-banner-ib-title premium_banner_title\">Linha Desodorante<\/h3>\t\t\t\t\t\t<div class=\"premium-banner-ib-content premium_banner_content\">\n\t\t\t\t\t\t\t<p>Conhe\u00e7a nossa linha de Desodorante<\/p>\t\t\t\t\t\t<\/div>\n\t\t\t\t\t\t\t\t\t\t\t\t\t\t\t\t\t<\/div>\n\t\t\t\t\t\t\t<a href=\"https:\/\/zeviplast.com.br\/beta\/linha-desodorante\/\" class=\"premium-banner-ib-link\"><\/a>\n\t\t\t\t\t<\/div>\n\t\t\t\t\t\t<\/div>\n\t\t\t\t<\/div>\n\t\t\t\t<div class=\"elementor-element elementor-element-523089f2 animation_type_block sc_fly_static elementor-invisible elementor-widget elementor-widget-premium-addon-banner\" data-id=\"523089f2\" data-element_type=\"widget\" data-settings=\"{&quot;_animation&quot;:&quot;fadeInUp&quot;,&quot;_animation_delay&quot;:500}\" data-widget_type=\"premium-addon-banner.default\">\n\t\t\t\t<div class=\"elementor-widget-container\">\n\t\t\t\t\t<div class=\"premium-banner-ib premium-banner-min-height premium-banner-animation11 none\">\n\t\t\t\t\t\t\t\t\t\t<img loading=\"lazy\" decoding=\"async\" width=\"800\" height=\"890\" src=\"https:\/\/zeviplast.com.br\/beta\/wp-content\/uploads\/2024\/07\/6.jpg\" class=\"attachment-full size-full wp-image-574\" alt=\"\" srcset=\"https:\/\/zeviplast.com.br\/beta\/wp-content\/uploads\/2024\/07\/6.jpg 800w, https:\/\/zeviplast.com.br\/beta\/wp-content\/uploads\/2024\/07\/6-270x300.jpg 270w, https:\/\/zeviplast.com.br\/beta\/wp-content\/uploads\/2024\/07\/6-768x854.jpg 768w, https:\/\/zeviplast.com.br\/beta\/wp-content\/uploads\/2024\/07\/6-370x412.jpg 370w, https:\/\/zeviplast.com.br\/beta\/wp-content\/uploads\/2024\/07\/6-410x456.jpg 410w\" sizes=\"(max-width: 800px) 100vw, 800px\" \/>\t\t\t\t\t\t\t\t\t\t<div class=\"premium-banner-gradient\"><\/div>\n\t\t\t\t\t\t<div class=\"premium-banner-ib-desc\">\n\t\t\t\t\t\t\t\t\t<h3 class=\"premium-banner-ib-title premium_banner_title\">Linha Shampoo<\/h3>\t\t\t\t\t\t<div class=\"premium-banner-ib-content premium_banner_content\">\n\t\t\t\t\t\t\t<p>Conhe\u00e7a nossa Linha Shampoo<\/p>\t\t\t\t\t\t<\/div>\n\t\t\t\t\t\t\t\t\t\t\t\t\t\t\t\t\t<\/div>\n\t\t\t\t\t<\/div>\n\t\t\t\t\t\t<\/div>\n\t\t\t\t<\/div>\n\t\t\t\t<div class=\"elementor-element elementor-element-3fc548f3 animation_type_block sc_fly_static elementor-invisible elementor-widget elementor-widget-premium-addon-banner\" data-id=\"3fc548f3\" data-element_type=\"widget\" data-settings=\"{&quot;_animation&quot;:&quot;fadeInUp&quot;,&quot;_animation_delay&quot;:500}\" data-widget_type=\"premium-addon-banner.default\">\n\t\t\t\t<div class=\"elementor-widget-container\">\n\t\t\t\t\t<div class=\"premium-banner-ib premium-banner-min-height premium-banner-animation11 none\">\n\t\t\t\t\t\t\t\t\t\t<img loading=\"lazy\" decoding=\"async\" width=\"580\" height=\"665\" src=\"https:\/\/zeviplast.com.br\/beta\/wp-content\/uploads\/2024\/08\/linha-prof.jpg\" class=\"attachment-full size-full wp-image-1614\" alt=\"\" srcset=\"https:\/\/zeviplast.com.br\/beta\/wp-content\/uploads\/2024\/08\/linha-prof.jpg 580w, https:\/\/zeviplast.com.br\/beta\/wp-content\/uploads\/2024\/08\/linha-prof-262x300.jpg 262w, https:\/\/zeviplast.com.br\/beta\/wp-content\/uploads\/2024\/08\/linha-prof-370x424.jpg 370w, https:\/\/zeviplast.com.br\/beta\/wp-content\/uploads\/2024\/08\/linha-prof-410x470.jpg 410w\" sizes=\"(max-width: 600px) 100vw, 580px\" \/>\t\t\t\t\t\t\t\t\t\t<div class=\"premium-banner-gradient\"><\/div>\n\t\t\t\t\t\t<div class=\"premium-banner-ib-desc\">\n\t\t\t\t\t\t\t\t\t<h3 class=\"premium-banner-ib-title premium_banner_title\">Linha profissional <\/h3>\t\t\t\t\t\t<div class=\"premium-banner-ib-content premium_banner_content\">\n\t\t\t\t\t\t\t<p>Conhe\u00e7a nossa Linha profissional\u00a0<\/p>\t\t\t\t\t\t<\/div>\n\t\t\t\t\t\t\t\t\t\t\t\t\t\t\t\t\t<\/div>\n\t\t\t\t\t\t\t<a href=\"https:\/\/zeviplast.com.br\/beta\/linha-profissional\/\" class=\"premium-banner-ib-link\"><\/a>\n\t\t\t\t\t<\/div>\n\t\t\t\t\t\t<\/div>\n\t\t\t\t<\/div>\n\t\t\t\t<div class=\"elementor-element elementor-element-41d3ada animation_type_block sc_fly_static elementor-invisible elementor-widget elementor-widget-premium-addon-banner\" data-id=\"41d3ada\" data-element_type=\"widget\" data-settings=\"{&quot;_animation&quot;:&quot;fadeInUp&quot;,&quot;_animation_delay&quot;:300}\" data-widget_type=\"premium-addon-banner.default\">\n\t\t\t\t<div class=\"elementor-widget-container\">\n\t\t\t\t\t<div class=\"premium-banner-ib premium-banner-min-height premium-banner-animation11 none\">\n\t\t\t\t\t\t\t\t\t\t<img decoding=\"async\" src=\"https:\/\/zeviplast.com.br\/beta\/wp-content\/uploads\/elementor\/thumbs\/tampas-zeci-qtbnxmwbc2rhjea6d5i05mezjm91cuzn6m4m65hx80.jpg\" title=\"tampas-zeci\" alt=\"tampas-zeci\" loading=\"lazy\" \/>\t\t\t\t\t\t\t\t\t\t<div class=\"premium-banner-gradient\"><\/div>\n\t\t\t\t\t\t<div class=\"premium-banner-ib-desc\">\n\t\t\t\t\t\t\t\t\t<h3 class=\"premium-banner-ib-title premium_banner_title\">Linha Tampas <\/h3>\t\t\t\t\t\t<div class=\"premium-banner-ib-content premium_banner_content\">\n\t\t\t\t\t\t\t<p>Conhe\u00e7a nossa Linha Tampas<\/p>\t\t\t\t\t\t<\/div>\n\t\t\t\t\t\t\t\t\t\t\t\t\t\t\t\t\t<\/div>\n\t\t\t\t\t\t\t<a href=\"https:\/\/zeviplast.com.br\/beta\/linha-de-tampas\/\" class=\"premium-banner-ib-link\"><\/a>\n\t\t\t\t\t<\/div>\n\t\t\t\t\t\t<\/div>\n\t\t\t\t<\/div>\n\t\t\t\t<div class=\"elementor-element elementor-element-f5d987b animation_type_block sc_fly_static elementor-invisible elementor-widget elementor-widget-premium-addon-banner\" data-id=\"f5d987b\" data-element_type=\"widget\" data-settings=\"{&quot;_animation&quot;:&quot;fadeInUp&quot;,&quot;_animation_delay&quot;:500}\" data-widget_type=\"premium-addon-banner.default\">\n\t\t\t\t<div class=\"elementor-widget-container\">\n\t\t\t\t\t<div class=\"premium-banner-ib premium-banner-min-height premium-banner-animation11 none\">\n\t\t\t\t\t\t\t\t\t\t<img loading=\"lazy\" decoding=\"async\" width=\"580\" height=\"665\" src=\"https:\/\/zeviplast.com.br\/beta\/wp-content\/uploads\/2024\/08\/linha-pet.jpg\" class=\"attachment-full size-full wp-image-1616\" alt=\"\" srcset=\"https:\/\/zeviplast.com.br\/beta\/wp-content\/uploads\/2024\/08\/linha-pet.jpg 580w, https:\/\/zeviplast.com.br\/beta\/wp-content\/uploads\/2024\/08\/linha-pet-262x300.jpg 262w, https:\/\/zeviplast.com.br\/beta\/wp-content\/uploads\/2024\/08\/linha-pet-370x424.jpg 370w, https:\/\/zeviplast.com.br\/beta\/wp-content\/uploads\/2024\/08\/linha-pet-410x470.jpg 410w\" sizes=\"(max-width: 600px) 100vw, 580px\" \/>\t\t\t\t\t\t\t\t\t\t<div class=\"premium-banner-gradient\"><\/div>\n\t\t\t\t\t\t<div class=\"premium-banner-ib-desc\">\n\t\t\t\t\t\t\t\t\t<h3 class=\"premium-banner-ib-title premium_banner_title\">Linha PET<\/h3>\t\t\t\t\t\t<div class=\"premium-banner-ib-content premium_banner_content\">\n\t\t\t\t\t\t\t<p>Conhe\u00e7a nossa Linha para Pets<\/p>\t\t\t\t\t\t<\/div>\n\t\t\t\t\t\t\t\t\t\t\t\t\t\t\t\t\t<\/div>\n\t\t\t\t\t\t\t<a href=\"https:\/\/zeviplast.com.br\/beta\/linha-pet\/\" class=\"premium-banner-ib-link\"><\/a>\n\t\t\t\t\t<\/div>\n\t\t\t\t\t\t<\/div>\n\t\t\t\t<\/div>\n\t\t\t\t<div class=\"elementor-element elementor-element-9e958f2 animation_type_block sc_fly_static elementor-invisible elementor-widget elementor-widget-premium-addon-banner\" data-id=\"9e958f2\" data-element_type=\"widget\" data-settings=\"{&quot;_animation&quot;:&quot;fadeInUp&quot;,&quot;_animation_delay&quot;:300}\" data-widget_type=\"premium-addon-banner.default\">\n\t\t\t\t<div class=\"elementor-widget-container\">\n\t\t\t\t\t<div class=\"premium-banner-ib premium-banner-min-height premium-banner-animation11 none\">\n\t\t\t\t\t\t\t\t\t\t<img decoding=\"async\" src=\"https:\/\/zeviplast.com.br\/beta\/wp-content\/uploads\/elementor\/thumbs\/Design-sem-nome-20-qrhtujzl8fvnjs0b0zq42kryk8prvewfke2z411pz4.jpg\" title=\"Design sem nome (20)\" alt=\"Design sem nome (20)\" loading=\"lazy\" \/>\t\t\t\t\t\t\t\t\t\t<div class=\"premium-banner-gradient\"><\/div>\n\t\t\t\t\t\t<div class=\"premium-banner-ib-desc\">\n\t\t\t\t\t\t\t\t\t<h3 class=\"premium-banner-ib-title premium_banner_title\">Linha Escolar <\/h3>\t\t\t\t\t\t<div class=\"premium-banner-ib-content premium_banner_content\">\n\t\t\t\t\t\t\t<p>Conhe\u00e7a nossa Linha Escolar\u00a0<\/p>\t\t\t\t\t\t<\/div>\n\t\t\t\t\t\t\t\t\t\t\t\t\t\t\t\t\t<\/div>\n\t\t\t\t\t\t\t<a href=\"https:\/\/zeviplast.com.br\/beta\/linha-escolar\/\" class=\"premium-banner-ib-link\"><\/a>\n\t\t\t\t\t<\/div>\n\t\t\t\t\t\t<\/div>\n\t\t\t\t<\/div>\n\t\t\t\t\t<\/div>\n\t\t<\/div>\n\t\t\t\t\t<\/div>\n\t\t<\/section>\n\t\t\t\t\t<\/div>\n\t\t<\/div>\n\t\t\t\t\t<\/div>\n\t\t<\/section>\n\t\t\t\t<\/div>\n\t\t","protected":false},"excerpt":{"rendered":"<p>Portf\u00f3lio Linha de Esmaltes Conhe\u00e7a nossa linha de Esmaltes Linha Potes Conhe\u00e7a nossa linha de Potes Linha Frasnagas Conhe\u00e7a nossa Linha de Frasnagas Conhe\u00e7a agora Linha Acetonas Conhe\u00e7a nossa Linha&hellip;<\/p>\n","protected":false},"author":1,"featured_media":0,"parent":0,"menu_order":0,"comment_status":"closed","ping_status":"closed","template":"","meta":{"footnotes":""},"_links":{"self":[{"href":"https:\/\/zeviplast.com.br\/beta\/wp-json\/wp\/v2\/pages\/547"}],"collection":[{"href":"https:\/\/zeviplast.com.br\/beta\/wp-json\/wp\/v2\/pages"}],"about":[{"href":"https:\/\/zeviplast.com.br\/beta\/wp-json\/wp\/v2\/types\/page"}],"author":[{"embeddable":true,"href":"https:\/\/zeviplast.com.br\/beta\/wp-json\/wp\/v2\/users\/1"}],"replies":[{"embeddable":true,"href":"https:\/\/zeviplast.com.br\/beta\/wp-json\/wp\/v2\/comments?post=547"}],"version-history":[{"count":43,"href":"https:\/\/zeviplast.com.br\/beta\/wp-json\/wp\/v2\/pages\/547\/revisions"}],"predecessor-version":[{"id":1729,"href":"https:\/\/zeviplast.com.br\/beta\/wp-json\/wp\/v2\/pages\/547\/revisions\/1729"}],"wp:attachment":[{"href":"https:\/\/zeviplast.com.br\/beta\/wp-json\/wp\/v2\/media?parent=547"}],"curies":[{"name":"wp","href":"https:\/\/api.w.org\/{rel}","templated":true}]}}