{"id":1188,"date":"2024-08-07T07:02:00","date_gmt":"2024-08-07T10:02:00","guid":{"rendered":"https:\/\/zeviplast.com.br\/beta\/?page_id=1188"},"modified":"2024-08-29T12:47:54","modified_gmt":"2024-08-29T15:47:54","slug":"know-how","status":"publish","type":"page","link":"https:\/\/zeviplast.com.br\/beta\/know-how\/","title":{"rendered":"Know How"},"content":{"rendered":"\t\t<div data-elementor-type=\"wp-page\" data-elementor-id=\"1188\" class=\"elementor elementor-1188\" data-elementor-post-type=\"page\">\n\t\t\t\t\t\t<section class=\"elementor-section elementor-top-section elementor-element elementor-element-2a392d4 elementor-section-content-middle elementor-section-boxed elementor-section-height-default elementor-section-height-default sc_fly_static\" data-id=\"2a392d4\" data-element_type=\"section\" data-settings=\"{&quot;background_background&quot;:&quot;video&quot;,&quot;background_video_link&quot;:&quot;https:\\\/\\\/zeviplast.com.br\\\/beta\\\/wp-content\\\/uploads\\\/2024\\\/08\\\/video-zevi-2.mp4&quot;,&quot;background_video_start&quot;:5}\">\n\t\t\t\t\t\t\t\t<div class=\"elementor-background-video-container elementor-hidden-phone\">\n\t\t\t\t\t\t\t\t\t\t\t\t\t<video class=\"elementor-background-video-hosted elementor-html5-video\" autoplay muted playsinline loop><\/video>\n\t\t\t\t\t\t\t\t\t\t\t<\/div>\n\t\t\t\t\t\t\t\t\t<div class=\"elementor-background-overlay\"><\/div>\n\t\t\t\t\t\t\t<div class=\"elementor-container elementor-column-gap-default\">\n\t\t\t\t\t<div class=\"elementor-column elementor-col-100 elementor-top-column elementor-element elementor-element-e14e81b sc_inner_width_none sc_content_align_inherit sc_layouts_column_icons_position_left sc_fly_static\" data-id=\"e14e81b\" data-element_type=\"column\">\n\t\t\t<div class=\"elementor-widget-wrap elementor-element-populated\">\n\t\t\t\t\t\t<div class=\"elementor-element elementor-element-b3e1f4f sc_fly_static elementor-widget elementor-widget-heading\" data-id=\"b3e1f4f\" data-element_type=\"widget\" data-widget_type=\"heading.default\">\n\t\t\t\t<div class=\"elementor-widget-container\">\n\t\t\t<h2 class=\"elementor-heading-title elementor-size-default\">Know How<\/h2>\t\t<\/div>\n\t\t\t\t<\/div>\n\t\t\t\t<div class=\"elementor-element elementor-element-87a25da elementor-widget__width-auto elementor-icon-list--layout-traditional elementor-list-item-link-full_width sc_fly_static elementor-widget elementor-widget-icon-list\" data-id=\"87a25da\" data-element_type=\"widget\" data-widget_type=\"icon-list.default\">\n\t\t\t\t<div class=\"elementor-widget-container\">\n\t\t\t\t\t<ul class=\"elementor-icon-list-items\">\n\t\t\t\t\t\t\t<li class=\"elementor-icon-list-item\">\n\t\t\t\t\t\t\t\t\t\t<span class=\"elementor-icon-list-text\">Home<\/span>\n\t\t\t\t\t\t\t\t\t<\/li>\n\t\t\t\t\t\t<\/ul>\n\t\t\t\t<\/div>\n\t\t\t\t<\/div>\n\t\t\t\t<div class=\"elementor-element elementor-element-28f3923 elementor-widget__width-auto elementor-icon-list--layout-traditional elementor-list-item-link-full_width sc_fly_static elementor-widget elementor-widget-icon-list\" data-id=\"28f3923\" data-element_type=\"widget\" data-widget_type=\"icon-list.default\">\n\t\t\t\t<div class=\"elementor-widget-container\">\n\t\t\t\t\t<ul class=\"elementor-icon-list-items\">\n\t\t\t\t\t\t\t<li class=\"elementor-icon-list-item\">\n\t\t\t\t\t\t\t\t\t\t\t<span class=\"elementor-icon-list-icon\">\n\t\t\t\t\t\t\t<i aria-hidden=\"true\" class=\"jki jki-right-arrow-light\"><\/i>\t\t\t\t\t\t<\/span>\n\t\t\t\t\t\t\t\t\t\t<span class=\"elementor-icon-list-text\">Know How<\/span>\n\t\t\t\t\t\t\t\t\t<\/li>\n\t\t\t\t\t\t<\/ul>\n\t\t\t\t<\/div>\n\t\t\t\t<\/div>\n\t\t\t\t\t<\/div>\n\t\t<\/div>\n\t\t\t\t\t<\/div>\n\t\t<\/section>\n\t\t\t\t<section class=\"elementor-section-with-custom-width elementor-section elementor-top-section elementor-element elementor-element-bccaac5 elementor-section-content-middle elementor-section-boxed elementor-section-height-default elementor-section-height-default sc_fly_static\" data-id=\"bccaac5\" data-element_type=\"section\" data-settings=\"{&quot;background_background&quot;:&quot;classic&quot;,&quot;shape_divider_top&quot;:&quot;triangle&quot;}\">\n\t\t\t\t\t<div class=\"elementor-shape elementor-shape-top\" data-negative=\"false\">\n\t\t\t<svg xmlns=\"http:\/\/www.w3.org\/2000\/svg\" viewBox=\"0 0 1000 100\" preserveAspectRatio=\"none\">\n\t<path class=\"elementor-shape-fill\" d=\"M500,98.9L0,6.1V0h1000v6.1L500,98.9z\"\/>\n<\/svg>\t\t<\/div>\n\t\t\t\t\t<div class=\"elementor-container elementor-column-gap-extended\">\n\t\t\t\t\t<div class=\"elementor-column elementor-col-50 elementor-top-column elementor-element elementor-element-0796696 sc_inner_width_none sc_content_align_inherit sc_layouts_column_icons_position_left sc_fly_static\" data-id=\"0796696\" data-element_type=\"column\">\n\t\t\t<div class=\"elementor-widget-wrap elementor-element-populated\">\n\t\t\t\t\t\t<div class=\"elementor-element elementor-element-14a3175 sc_fly_static elementor-widget elementor-widget-heading\" data-id=\"14a3175\" data-element_type=\"widget\" data-widget_type=\"heading.default\">\n\t\t\t\t<div class=\"elementor-widget-container\">\n\t\t\t<h6 class=\"elementor-heading-title elementor-size-default\">Nossa hist\u00f3ria <\/h6>\t\t<\/div>\n\t\t\t\t<\/div>\n\t\t\t\t<div class=\"elementor-element elementor-element-3c1cda5 sc_fly_static elementor-widget elementor-widget-heading\" data-id=\"3c1cda5\" data-element_type=\"widget\" data-widget_type=\"heading.default\">\n\t\t\t\t<div class=\"elementor-widget-container\">\n\t\t\t<h2 class=\"elementor-heading-title elementor-size-default\">KNOW-HOW\n<\/h2>\t\t<\/div>\n\t\t\t\t<\/div>\n\t\t\t\t<div class=\"elementor-element elementor-element-130af47 sc_fly_static elementor-widget elementor-widget-text-editor\" data-id=\"130af47\" data-element_type=\"widget\" data-widget_type=\"text-editor.default\">\n\t\t\t\t<div class=\"elementor-widget-container\">\n\t\t\t\t\t\t\t<p>Nossa expertise em tampas para esmaltes de unha, com padr\u00e3o europeu de corte e acabamento, nos coloca como a terceira maior do mundo neste segmento. Atendemos todas as grandes marcas nacionais h\u00e1 mais de 50 anos.<\/p><p>Al\u00e9m disso, somos especializados no desenvolvimento de novos produtos, oferecendo solu\u00e7\u00f5es completas desde a idealiza\u00e7\u00e3o conceitual at\u00e9 o lan\u00e7amento. Contamos com um departamento dedicado ao projeto de produtos, utilizando tecnologias avan\u00e7adas como mockups em impressoras 3D e constru\u00e7\u00e3o de moldes em nossa ferramentaria pr\u00f3pria. Isso nos permite oferecer agilidade na finaliza\u00e7\u00e3o de embalagens, garantindo alta qualidade e precis\u00e3o em todos os processos.<\/p><h3>Sopro<\/h3><p>Na \u00e1rea de frascos soprados, contamos com maquin\u00e1rios eficientes para a fabrica\u00e7\u00e3o de frascos 3D com formatos de personagens exclusivos da Disney, Warner e outros. Nossos processos garantem atendimento \u00e0s demandas espec\u00edficas de cada cliente, promovendo inova\u00e7\u00e3o e criatividade em cada projeto.<\/p>\t\t\t\t\t\t<\/div>\n\t\t\t\t<\/div>\n\t\t\t\t<div class=\"elementor-element elementor-element-623b326 sc_fly_static elementor-widget elementor-widget-video\" data-id=\"623b326\" data-element_type=\"widget\" data-settings=\"{&quot;video_type&quot;:&quot;hosted&quot;,&quot;autoplay&quot;:&quot;yes&quot;,&quot;play_on_mobile&quot;:&quot;yes&quot;,&quot;mute&quot;:&quot;yes&quot;,&quot;loop&quot;:&quot;yes&quot;}\" data-widget_type=\"video.default\">\n\t\t\t\t<div class=\"elementor-widget-container\">\n\t\t\t\t\t<div class=\"e-hosted-video elementor-wrapper elementor-open-inline\">\n\t\t\t\t\t<video class=\"elementor-video\" src=\"https:\/\/zeviplast.com.br\/beta\/wp-content\/uploads\/2024\/07\/Video-do-WhatsApp-de-2024-07-23-as-06.03.00_5b7b9c8e.mp4\" autoplay=\"\" loop=\"\" muted=\"muted\" playsinline=\"\" controlsList=\"nodownload\"><\/video>\n\t\t\t\t<\/div>\n\t\t\t\t<\/div>\n\t\t\t\t<\/div>\n\t\t\t\t<div class=\"elementor-element elementor-element-1c0c9dd sc_fly_static elementor-widget elementor-widget-text-editor\" data-id=\"1c0c9dd\" data-element_type=\"widget\" data-widget_type=\"text-editor.default\">\n\t\t\t\t<div class=\"elementor-widget-container\">\n\t\t\t\t\t\t\t<h3>Montagem e Acoplagem<\/h3><p>Processos de acoplagem e montagem de diferentes componentes em alta escala de produ\u00e7\u00e3o. Garantimos os volumes com os quais nos comprometemos, com excelente flexibilidade de produ\u00e7\u00e3o, processos s\u00f3lidos e confi\u00e1veis.<\/p><h3><strong>Decora\u00e7\u00e3o<\/strong><\/h3><p>Al\u00e9m de oferecer solu\u00e7\u00f5es robustas no desenvolvimento e fabrica\u00e7\u00e3o de embalagens, destacamos nossa expertise em processos de decora\u00e7\u00e3o avan\u00e7ados. Utilizamos t\u00e9cnicas como hot stamping e serigrafia (silk screen) com produ\u00e7\u00e3o automatizada. Esses m\u00e9todos n\u00e3o apenas agregam valor est\u00e9tico \u00e0s embalagens, mas tamb\u00e9m garantem durabilidade e qualidade na impress\u00e3o de designs complexos e detalhados. A decora\u00e7\u00e3o personalizada \u00e9 essencial para diferenciar produtos no mercado e fortalecer a identidade visual das marcas, proporcionando um acabamento premium que atrai e fideliza consumidores.<\/p>\t\t\t\t\t\t<\/div>\n\t\t\t\t<\/div>\n\t\t\t\t\t<\/div>\n\t\t<\/div>\n\t\t\t\t<div class=\"elementor-column elementor-col-50 elementor-top-column elementor-element elementor-element-291d2d0 sc_inner_width_none sc_content_align_inherit sc_layouts_column_icons_position_left sc_fly_static\" data-id=\"291d2d0\" data-element_type=\"column\">\n\t\t\t<div class=\"elementor-widget-wrap elementor-element-populated\">\n\t\t\t\t\t\t<div class=\"elementor-element elementor-element-738702d sc_fly_static elementor-widget elementor-widget-video\" data-id=\"738702d\" data-element_type=\"widget\" data-settings=\"{&quot;video_type&quot;:&quot;hosted&quot;,&quot;autoplay&quot;:&quot;yes&quot;,&quot;play_on_mobile&quot;:&quot;yes&quot;,&quot;mute&quot;:&quot;yes&quot;,&quot;loop&quot;:&quot;yes&quot;}\" data-widget_type=\"video.default\">\n\t\t\t\t<div class=\"elementor-widget-container\">\n\t\t\t\t\t<div class=\"e-hosted-video elementor-wrapper elementor-open-inline\">\n\t\t\t\t\t<video class=\"elementor-video\" src=\"https:\/\/zeviplast.com.br\/beta\/wp-content\/uploads\/2024\/07\/Video-do-WhatsApp-de-2024-07-23-as-06.02.57_e44bed3d.mp4\" autoplay=\"\" loop=\"\" muted=\"muted\" playsinline=\"\" controlsList=\"nodownload\"><\/video>\n\t\t\t\t<\/div>\n\t\t\t\t<\/div>\n\t\t\t\t<\/div>\n\t\t\t\t<div class=\"elementor-element elementor-element-4400463 sc_fly_static elementor-widget elementor-widget-text-editor\" data-id=\"4400463\" data-element_type=\"widget\" data-widget_type=\"text-editor.default\">\n\t\t\t\t<div class=\"elementor-widget-container\">\n\t\t\t\t\t\t\t<h3>Pesquisa, Desenvolvimento e Inova\u00e7\u00e3o<\/h3>\n<p>Oferecemos solu\u00e7\u00f5es completas no desenvolvimento de novos produtos. Dedicamos uma equipe especializada para atender cada projeto junto aos clientes, desde a idealiza\u00e7\u00e3o conceitual at\u00e9 o lan\u00e7amento. Disponibilizamos diversas ferramentas para o processo de desenvolvimento, como desenhos (2D e 3D), mockups e moldes piloto.<\/p>\n<h3>Inje\u00e7\u00e3o<\/h3>\n<p>Produ\u00e7\u00e3o de embalagens por inje\u00e7\u00e3o de termopl\u00e1sticos, com um extenso parque de modernas m\u00e1quinas injetoras automatizadas com rob\u00f4s. Garantimos alta performance dos produtos, mantendo padr\u00f5es elevados de qualidade e efici\u00eancia operacional reduzindo perdas.<\/p>\n<h3>Manufatura de Moldes<\/h3>\n<p>Com ferramentaria pr\u00f3pria conseguimos realizar design de novos produtos, projeto tridimensional de produtos, projeto de moldes, desenvolvimento, constru\u00e7\u00e3o, usinagem e montagem de moldes para inje\u00e7\u00e3o de termopl\u00e1sticos. Nossa equipe utiliza a melhor tecnologia e capacidade t\u00e9cnica, permitindo a cria\u00e7\u00e3o de projetos \u00fanicos e extremamente adaptados \u00e0s necessidades de nossos clientes, com competitividade e alta tecnologia.<\/p>\t\t\t\t\t\t<\/div>\n\t\t\t\t<\/div>\n\t\t\t\t<div class=\"elementor-element elementor-element-4095ba7 sc_fly_static elementor-widget elementor-widget-video\" data-id=\"4095ba7\" data-element_type=\"widget\" data-settings=\"{&quot;video_type&quot;:&quot;hosted&quot;,&quot;autoplay&quot;:&quot;yes&quot;,&quot;mute&quot;:&quot;yes&quot;,&quot;loop&quot;:&quot;yes&quot;,&quot;start&quot;:1,&quot;end&quot;:4}\" data-widget_type=\"video.default\">\n\t\t\t\t<div class=\"elementor-widget-container\">\n\t\t\t\t\t<div class=\"e-hosted-video elementor-wrapper elementor-open-inline\">\n\t\t\t\t\t<video class=\"elementor-video\" src=\"https:\/\/zeviplast.com.br\/beta\/wp-content\/uploads\/2024\/08\/Video-do-WhatsApp-de-2024-08-29-as-11.50.12_66c5de0b.mp4#t=1,4\" autoplay=\"\" loop=\"\" muted=\"muted\" controlsList=\"nodownload\"><\/video>\n\t\t\t\t<\/div>\n\t\t\t\t<\/div>\n\t\t\t\t<\/div>\n\t\t\t\t\t<\/div>\n\t\t<\/div>\n\t\t\t\t\t<\/div>\n\t\t<\/section>\n\t\t\t\t<section class=\"elementor-section-with-custom-width elementor-section elementor-top-section elementor-element elementor-element-0437243 elementor-section-boxed elementor-section-height-default elementor-section-height-default sc_fly_static\" data-id=\"0437243\" data-element_type=\"section\" data-settings=\"{&quot;background_background&quot;:&quot;classic&quot;}\">\n\t\t\t\t\t\t\t<div class=\"elementor-background-overlay\"><\/div>\n\t\t\t\t\t\t\t<div class=\"elementor-container elementor-column-gap-no\">\n\t\t\t\t\t<div class=\"elementor-column elementor-col-100 elementor-top-column elementor-element elementor-element-edfdc96 sc_inner_width_none sc_content_align_inherit sc_layouts_column_icons_position_left sc_fly_static\" data-id=\"edfdc96\" data-element_type=\"column\">\n\t\t\t<div class=\"elementor-widget-wrap elementor-element-populated\">\n\t\t\t\t\t\t<div class=\"elementor-element elementor-element-74928b3 sc_fly_static elementor-widget elementor-widget-heading\" data-id=\"74928b3\" data-element_type=\"widget\" data-widget_type=\"heading.default\">\n\t\t\t\t<div class=\"elementor-widget-container\">\n\t\t\t<h2 class=\"elementor-heading-title elementor-size-default\">Ficou com alguma D\u00favida?<\/h2>\t\t<\/div>\n\t\t\t\t<\/div>\n\t\t\t\t<div class=\"elementor-element elementor-element-e392baf sc_fly_static elementor-widget elementor-widget-heading\" data-id=\"e392baf\" data-element_type=\"widget\" data-widget_type=\"heading.default\">\n\t\t\t\t<div class=\"elementor-widget-container\">\n\t\t\t<h2 class=\"elementor-heading-title elementor-size-default\">Fale agora conosco e tire sua ideia do papel <\/h2>\t\t<\/div>\n\t\t\t\t<\/div>\n\t\t\t\t<div class=\"elementor-element elementor-element-afb3167 elementor-align-center elementor-mobile-align-center sc_fly_static elementor-widget elementor-widget-button\" data-id=\"afb3167\" data-element_type=\"widget\" data-widget_type=\"button.default\">\n\t\t\t\t<div class=\"elementor-widget-container\">\n\t\t\t\t\t<div class=\"elementor-button-wrapper\">\n\t\t\t<a class=\"elementor-button elementor-button-link elementor-size-md elementor-animation-float\" href=\"#\">\n\t\t\t\t\t\t<span class=\"elementor-button-content-wrapper\">\n\t\t\t\t\t\t<span class=\"elementor-button-icon\">\n\t\t\t\t<i aria-hidden=\"true\" class=\"ion ion-md-arrow-round-forward\"><\/i>\t\t\t<\/span>\n\t\t\t\t\t\t\t\t\t<span class=\"elementor-button-text\">Fale Conosco<\/span>\n\t\t\t\t\t<\/span>\n\t\t\t\t\t<\/a>\n\t\t<\/div>\n\t\t\t\t<\/div>\n\t\t\t\t<\/div>\n\t\t\t\t\t<\/div>\n\t\t<\/div>\n\t\t\t\t\t<\/div>\n\t\t<\/section>\n\t\t\t\t<\/div>\n\t\t","protected":false},"excerpt":{"rendered":"<p>Know How Home Know How Nossa hist\u00f3ria KNOW-HOW Nossa expertise em tampas para esmaltes de unha, com padr\u00e3o europeu de corte e acabamento, nos coloca como a terceira maior do&hellip;<\/p>\n","protected":false},"author":1,"featured_media":0,"parent":0,"menu_order":0,"comment_status":"closed","ping_status":"closed","template":"","meta":{"footnotes":""},"_links":{"self":[{"href":"https:\/\/zeviplast.com.br\/beta\/wp-json\/wp\/v2\/pages\/1188"}],"collection":[{"href":"https:\/\/zeviplast.com.br\/beta\/wp-json\/wp\/v2\/pages"}],"about":[{"href":"https:\/\/zeviplast.com.br\/beta\/wp-json\/wp\/v2\/types\/page"}],"author":[{"embeddable":true,"href":"https:\/\/zeviplast.com.br\/beta\/wp-json\/wp\/v2\/users\/1"}],"replies":[{"embeddable":true,"href":"https:\/\/zeviplast.com.br\/beta\/wp-json\/wp\/v2\/comments?post=1188"}],"version-history":[{"count":37,"href":"https:\/\/zeviplast.com.br\/beta\/wp-json\/wp\/v2\/pages\/1188\/revisions"}],"predecessor-version":[{"id":1613,"href":"https:\/\/zeviplast.com.br\/beta\/wp-json\/wp\/v2\/pages\/1188\/revisions\/1613"}],"wp:attachment":[{"href":"https:\/\/zeviplast.com.br\/beta\/wp-json\/wp\/v2\/media?parent=1188"}],"curies":[{"name":"wp","href":"https:\/\/api.w.org\/{rel}","templated":true}]}}